{"id":1673,"date":"2025-04-23T14:38:31","date_gmt":"2025-04-23T14:38:31","guid":{"rendered":"https:\/\/higherlevel.de\/?page_id=1673"},"modified":"2025-06-21T15:47:11","modified_gmt":"2025-06-21T15:47:11","slug":"scourcing","status":"publish","type":"page","link":"https:\/\/higherlevel.de\/en\/scourcing\/","title":{"rendered":"Scourcing &#8211; Einkauf"},"content":{"rendered":"\n<div style=\"height:30px\" aria-hidden=\"true\" class=\"wp-block-spacer\"><\/div>\n\n\n\n<div class=\"wp-block-stackable-hero alignfull stk-block-hero stk-block stk-447462c stk-block-background is-style-default stk--has-background-overlay\" data-v=\"2\" data-block-id=\"447462c\"><style>.stk-447462c-inner-blocks{align-items:flex-start !important;justify-content:center !important;}.stk-447462c {background-image:url(https:\/\/mlqjpppecejy.i.optimole.com\/w:auto\/h:auto\/q:mauto\/ig:avif\/https:\/\/higherlevel.de\/wp-content\/uploads\/2025\/06\/iStock-1352130137-scaled.jpg) !important;min-height:700px !important;align-items:center !important;padding-left:100px !important;margin-bottom:41px !important;display:flex !important;}.stk-447462c-container{background-color:#ffffff6b !important;}.stk-447462c-container:before{background-color:#ffffff6b !important;}.stk-447462c .stk-block-hero__content{min-height:500px !important;align-items:center !important;max-width:500px !important;min-width:auto !important;margin-right:auto !important;margin-left:0px !important;display:flex !important;}<\/style><div class=\"stk-block-hero__content stk-content-align stk-447462c-column alignwide stk-container stk-447462c-container stk-hover-parent\"><div class=\"stk-block-content stk-inner-blocks has-text-align-left stk--column-flex stk-447462c-inner-blocks\">\n<div class=\"wp-block-stackable-heading stk-block-heading stk-block-heading--v2 stk-block stk-55ea73f\" id=\"strong-effizient-einkaufen-strategisch-beschaffen-strong\" data-block-id=\"55ea73f\"><style>.stk-55ea73f .stk-block-heading__text{color:var(--nv-primary-accent) !important;}<\/style><h2 class=\"stk-block-heading__text has-text-color\"><strong>Effizient einkaufen. Strategisch beschaffen.<\/strong><\/h2><\/div>\n\n\n\n<div class=\"wp-block-stackable-text stk-block-text stk-block stk-85d817f\" data-block-id=\"85d817f\"><p class=\"stk-block-text__text\">Wir unterst\u00fctzen Unternehmen im operativen und strategischen Einkaufs- und Beschaffungsmanagement \u2013 pragmatisch, ergebnisorientiert und partnerschaftlich.<\/p><\/div>\n\n\n\n<div class=\"wp-block-stackable-button-group stk-block-button-group stk-block stk-c7026b6\" data-block-id=\"c7026b6\"><div class=\"stk-row stk-inner-blocks stk-block-content stk-button-group\">\n<div class=\"wp-block-stackable-button stk-block-button stk-block stk-8a566b4\" data-block-id=\"8a566b4\"><style>.stk-8a566b4 .stk-button{padding-top:8px !important;padding-right:40px !important;padding-bottom:8px !important;padding-left:40px !important;background:var(--nv-primary-accent) !important;border-top-left-radius:7px !important;border-top-right-radius:7px !important;border-bottom-right-radius:7px !important;border-bottom-left-radius:7px !important;}<\/style><a class=\"stk-link stk-button stk--hover-effect-darken\" href=\"mailto:oliver.priebe@higherlevel.de\" target=\"_blank\" rel=\"noreferrer noopener\"><span class=\"stk-button__inner-text\"><strong>Jetzt unverbindlich beraten lassen<\/strong><\/span><\/a><\/div>\n<\/div><\/div>\n<\/div><\/div><\/div>\n\n\n\n<p>In einer dynamischen Gesch\u00e4ftswelt sind zuverl\u00e4ssige Lieferketten und effiziente Beschaffungsprozesse entscheidend f\u00fcr nachhaltigen Unternehmenserfolg. Wir \u00fcbernehmen f\u00fcr Sie das komplette Einkaufs- und Beschaffungsmanagement \u2013 professionell, transparent und ma\u00dfgeschneidert auf Ihre Bed\u00fcrfnisse.<\/p>\n\n\n\n<div class=\"wp-block-columns are-vertically-aligned-top is-layout-flex wp-container-core-columns-is-layout-1 wp-block-columns-is-layout-flex\" style=\"padding-top:0;padding-right:0;padding-bottom:0;padding-left:0\">\n<div class=\"wp-block-column is-vertically-aligned-top is-layout-flow wp-block-column-is-layout-flow\">\n<h2 class=\"wp-block-heading has-medium-font-size\"><strong>Unsere Leistungen im \u00dcberblick:<\/strong><\/h2>\n\n\n\n<ul class=\"wp-block-list\">\n<li><strong>Strategische Beschaffung:<\/strong>&nbsp;Wir analysieren Ihren Bedarf, identifizieren Optimierungspotenziale und entwickeln individuelle Einkaufsstrategien zur Kostenreduktion und Effizienzsteigerung.<\/li>\n\n\n\n<li><strong>Lieferantenmanagement:<\/strong>&nbsp;Aufbau, Auswahl und kontinuierliche Bewertung leistungsf\u00e4higer Lieferanten, inklusive Vertragsverhandlungen und Qualit\u00e4tskontrolle.<\/li>\n\n\n\n<li><strong>Operativer Einkauf:<\/strong>&nbsp;Von der Bestellabwicklung bis hin zur \u00dcberwachung der Liefertermine \u00fcbernehmen wir alle operativen Aufgaben, damit Sie sich auf Ihr Kerngesch\u00e4ft konzentrieren k\u00f6nnen.<\/li>\n\n\n\n<li><strong>Risikomanagement:<\/strong>&nbsp;Wir sichern Ihre Supply Chain ab, minimieren Risiken und sorgen f\u00fcr h\u00f6chste Versorgungssicherheit.<\/li>\n\n\n\n<li><strong>Nachhaltigkeit und Compliance:<\/strong>&nbsp;Wir integrieren \u00f6kologische und soziale Standards in Ihre Einkaufsprozesse und garantieren die Einhaltung aller relevanten Vorschriften und Normen.<\/li>\n<\/ul>\n<\/div>\n\n\n\n<div class=\"wp-block-column is-layout-flow wp-block-column-is-layout-flow\" style=\"flex-basis:100px\"><\/div>\n\n\n\n<div class=\"wp-block-column is-vertically-aligned-top is-layout-flow wp-block-column-is-layout-flow\" style=\"padding-right:0;padding-left:0\">\n<h2 class=\"wp-block-heading has-medium-font-size\">Ihre Vorteile:<\/h2>\n\n\n\n<div class=\"wp-block-stackable-icon-list stk-block-icon-list has-text-color stk-block stk-d31c14b\" data-block-id=\"d31c14b\"><style>.stk-d31c14b {--stk-icon-list-row-gap:15px !important;--stk-icon-list-marker-color:var(--nv-primary-accent) !important;}.stk-d31c14b ul li, .stk-d31c14b ol li, .stk-d31c14b ul li span, .stk-d31c14b ol li span{color:var(--nv-primary-accent) !important;font-weight:bold !important;}<\/style><svg style=\"display:none\"><defs><g id=\"stk-icon-list__icon-svg-def-d31c14b\"><svg xmlns=\"http:\/\/www.w3.org\/2000\/svg\" viewBox=\"0 0 190 190\"><polygon points=\"173.8,28.4 60.4,141.8 15.7,97.2 5.1,107.8 60.4,163 184.4,39 173.8,28.4\"\/><\/svg><\/g><\/defs><\/svg><ul class=\"stk-block-icon-list__ul stk-block-icon-list--column\">\n<li class=\"wp-block-stackable-icon-list-item stk-block-icon-list-item stk-block stk-abd3d9a\" data-block-id=\"abd3d9a\"><div class=\"stk-block-icon-list-item__content\"><span class=\"stk--svg-wrapper\"><div class=\"stk--inner-svg\"><svg aria-hidden=\"true\" width=\"32\" height=\"32\"><use xlink:href=\"#stk-icon-list__icon-svg-def-d31c14b\"><\/use><\/svg><\/div><\/span><span class=\"stk-block-icon-list-item__text\">Reduzierung von Kosten und Beschaffungsrisiken<\/span><\/div><\/li>\n\n\n\n<li class=\"wp-block-stackable-icon-list-item stk-block-icon-list-item stk-block stk-83a8247\" data-block-id=\"83a8247\"><div class=\"stk-block-icon-list-item__content\"><span class=\"stk--svg-wrapper\"><div class=\"stk--inner-svg\"><svg aria-hidden=\"true\" width=\"32\" height=\"32\"><use xlink:href=\"#stk-icon-list__icon-svg-def-d31c14b\"><\/use><\/svg><\/div><\/span><span class=\"stk-block-icon-list-item__text\">Zugang zu einem internationalen Lieferantennetzwerk<\/span><\/div><\/li>\n\n\n\n<li class=\"wp-block-stackable-icon-list-item stk-block-icon-list-item stk-block stk-a4a5a4e\" data-block-id=\"a4a5a4e\"><div class=\"stk-block-icon-list-item__content\"><span class=\"stk--svg-wrapper\"><div class=\"stk--inner-svg\"><svg aria-hidden=\"true\" width=\"32\" height=\"32\"><use xlink:href=\"#stk-icon-list__icon-svg-def-d31c14b\"><\/use><\/svg><\/div><\/span><span class=\"stk-block-icon-list-item__text\">Mehr Transparenz und Kontrolle \u00fcber alle Einkaufsprozesse<\/span><\/div><\/li>\n\n\n\n<li class=\"wp-block-stackable-icon-list-item stk-block-icon-list-item stk-block stk-05be335\" data-block-id=\"05be335\"><div class=\"stk-block-icon-list-item__content\"><span class=\"stk--svg-wrapper\"><div class=\"stk--inner-svg\"><svg aria-hidden=\"true\" width=\"32\" height=\"32\"><use xlink:href=\"#stk-icon-list__icon-svg-def-d31c14b\"><\/use><\/svg><\/div><\/span><span class=\"stk-block-icon-list-item__text\">Freisetzung interner Ressourcen f\u00fcr strategische Aufgaben<\/span><\/div><\/li>\n<\/ul><\/div>\n<\/div>\n<\/div>\n\n\n\n<div style=\"height:25px\" aria-hidden=\"true\" class=\"wp-block-spacer\"><\/div>\n\n\n\n<p><strong>Sie sagen, was gebraucht wird \u2013 wir machen es m\u00f6glich.<\/strong><\/p>\n\n\n\n<p>Wir verstehen uns nicht als klassische Berater, sondern als praxisnahe Partner auf Augenh\u00f6he. Gemeinsam mit Ihnen entwickeln wir ma\u00dfgeschneiderte L\u00f6sungen, die funktionieren \u2013 und entlasten dabei Ihre internen Ressourcen.<\/p>\n\n\n\n<div style=\"height:20px\" aria-hidden=\"true\" class=\"wp-block-spacer\"><\/div>\n\n\n\n<div class=\"wp-block-stackable-hero alignfull stk-block-hero stk-block stk-ce2a8c4 stk-block-background is-style-default\" data-v=\"2\" data-block-id=\"ce2a8c4\"><style>.stk-ce2a8c4-inner-blocks{align-items:flex-start !important;justify-content:center !important;}.stk-ce2a8c4 {background-color:var(--nv-primary-accent) !important;}.stk-ce2a8c4:before{background-color:var(--nv-primary-accent) !important;}.stk-ce2a8c4 .stk-block-hero__content{min-height:500px !important;align-items:center !important;display:flex !important;}<\/style><div class=\"stk-block-hero__content stk-content-align stk-ce2a8c4-column alignwide stk-container stk-ce2a8c4-container stk--no-background stk--no-padding\"><div class=\"stk-block-content stk-inner-blocks has-text-align-left stk--column-flex stk-ce2a8c4-inner-blocks\">\n<div class=\"wp-block-stackable-heading stk-block-heading stk-block-heading--v2 stk-block stk-5df86f7\" id=\"strong-strong-mehr-effizienz-im-einkauf-beginnt-mit-dem-ersten-gesprach-strong-strong\" data-block-id=\"5df86f7\"><style>.stk-5df86f7 .stk-block-heading__text{color:var(--nv-site-bg) !important;}<\/style><h2 class=\"stk-block-heading__text has-text-color\"><strong><strong>Mehr Effizienz im Einkauf beginnt mit dem ersten Gespr\u00e4ch.<\/strong><\/strong><\/h2><\/div>\n\n\n\n<div class=\"wp-block-stackable-button-group stk-block-button-group stk-block stk-819bec7\" data-block-id=\"819bec7\"><div class=\"stk-row stk-inner-blocks stk-block-content stk-button-group\">\n<div class=\"wp-block-stackable-button stk-block-button stk-block stk-956841f\" data-block-id=\"956841f\"><style>.stk-956841f .stk-button{background:var(--nv-site-bg) !important;}.stk-956841f .stk-button__inner-text{color:var(--nv-primary-accent) !important;}<\/style><a class=\"stk-link stk-button stk--hover-effect-lift-scale\" href=\"mailto:oliver.priebe@higherlevel.de\" target=\"_blank\" rel=\"noreferrer noopener\"><span class=\"has-text-color stk-button__inner-text\"><strong>Jetzt unverbindlich Beratungsgespr\u00e4ch vereinbaren<\/strong><\/span><\/a><\/div>\n<\/div><\/div>\n<\/div><\/div><\/div>\n\n\n\n<div style=\"height:30px\" aria-hidden=\"true\" class=\"wp-block-spacer\"><\/div>\n","protected":false},"excerpt":{"rendered":"<p>Effizient einkaufen. Strategisch beschaffen. Wir unterst\u00fctzen Unternehmen im operativen und strategischen Einkaufs- und Beschaffungsmanagement \u2013 pragmatisch, ergebnisorientiert und partnerschaftlich. Jetzt unverbindlich beraten lassen In einer dynamischen Gesch\u00e4ftswelt sind zuverl\u00e4ssige Lieferketten und effiziente Beschaffungsprozesse entscheidend f\u00fcr nachhaltigen Unternehmenserfolg. Wir \u00fcbernehmen f\u00fcr Sie das komplette Einkaufs- und Beschaffungsmanagement \u2013 professionell, transparent und ma\u00dfgeschneidert auf Ihre Bed\u00fcrfnisse. Unsere&hellip;&nbsp;<a href=\"https:\/\/higherlevel.de\/en\/scourcing\/\" rel=\"bookmark\">Read More &raquo;<span class=\"screen-reader-text\">Scourcing &#8211; Einkauf<\/span><\/a><\/p>\n","protected":false},"author":1,"featured_media":0,"parent":0,"menu_order":0,"comment_status":"closed","ping_status":"closed","template":"","meta":{"neve_meta_sidebar":"","neve_meta_container":"","neve_meta_enable_content_width":"","neve_meta_content_width":0,"neve_meta_title_alignment":"","neve_meta_author_avatar":"","neve_post_elements_order":"","neve_meta_disable_header":"","neve_meta_disable_footer":"","neve_meta_disable_title":"on","_themeisle_gutenberg_block_has_review":false,"footnotes":""},"class_list":["post-1673","page","type-page","status-publish","hentry"],"translation":{"provider":"WPGlobus","version":"3.0.0","language":"en","enabled_languages":["de","en"],"languages":{"de":{"title":true,"content":true,"excerpt":false},"en":{"title":false,"content":false,"excerpt":false}}},"_links":{"self":[{"href":"https:\/\/higherlevel.de\/en\/wp-json\/wp\/v2\/pages\/1673","targetHints":{"allow":["GET"]}}],"collection":[{"href":"https:\/\/higherlevel.de\/en\/wp-json\/wp\/v2\/pages"}],"about":[{"href":"https:\/\/higherlevel.de\/en\/wp-json\/wp\/v2\/types\/page"}],"author":[{"embeddable":true,"href":"https:\/\/higherlevel.de\/en\/wp-json\/wp\/v2\/users\/1"}],"replies":[{"embeddable":true,"href":"https:\/\/higherlevel.de\/en\/wp-json\/wp\/v2\/comments?post=1673"}],"version-history":[{"count":26,"href":"https:\/\/higherlevel.de\/en\/wp-json\/wp\/v2\/pages\/1673\/revisions"}],"predecessor-version":[{"id":2216,"href":"https:\/\/higherlevel.de\/en\/wp-json\/wp\/v2\/pages\/1673\/revisions\/2216"}],"wp:attachment":[{"href":"https:\/\/higherlevel.de\/en\/wp-json\/wp\/v2\/media?parent=1673"}],"curies":[{"name":"wp","href":"https:\/\/api.w.org\/{rel}","templated":true}]}}